{"id":11,"date":"2020-06-17T17:28:16","date_gmt":"2020-06-17T15:28:16","guid":{"rendered":"http:\/\/www.piotripawellodz.pl\/?page_id=11"},"modified":"2022-01-16T12:49:42","modified_gmt":"2022-01-16T11:49:42","slug":"ogloszenia-parafialne","status":"publish","type":"page","link":"https:\/\/www.piotripawellodz.pl\/?page_id=11","title":{"rendered":"Og\u0142oszenia parafialne"},"content":{"rendered":"\n<div class=\"wp-block-file\"><a href=\"https:\/\/www.piotripawellodz.pl\/wp-content\/uploads\/2022\/01\/Ogloszenia-parafialne-Trzech-Kroli-2022.pdf\"><strong>Trzech Kr\u00f3li 2022<\/strong><\/a><a href=\"https:\/\/www.piotripawellodz.pl\/wp-content\/uploads\/2022\/01\/Ogloszenia-parafialne-Trzech-Kroli-2022.pdf\" class=\"wp-block-file__button\" download>Pobierz<\/a><\/div>\n\n\n\n<div class=\"wp-block-file\"><a href=\"https:\/\/www.piotripawellodz.pl\/wp-content\/uploads\/2022\/01\/Koleda-2022.docx\"><strong>Kol\u0119da 2022 (10-15 stycznia) <\/strong><\/a><a href=\"https:\/\/www.piotripawellodz.pl\/wp-content\/uploads\/2022\/01\/Koleda-2022.docx\" class=\"wp-block-file__button\" download>Pobierz<\/a><\/div>\n\n\n\n<ul class=\"wp-block-list\"><li><a href=\"https:\/\/www.piotripawellodz.pl\/wp-content\/uploads\/2021\/12\/Ogloszenia-Parafialne-II-Niedziela-Adwentu-2021.pdf\"><strong>2021-12-05 &#8211; II Niedziela Adwentu >><\/strong><\/a><\/li><li><strong><a href=\"https:\/\/www.piotripawellodz.pl\/wp-content\/uploads\/2021\/12\/Ogloszenia-Parafialne-I-Niedziela-Adwentu-2021.pdf\">2021-11-28 &#8211; I Niedziela Adwentu >><\/a><\/strong><\/li><li><strong><a href=\"https:\/\/www.piotripawellodz.pl\/wp-content\/uploads\/2021\/09\/ogloszenia-parafialne-2021-09-05-XXIII-niedziela-zwykla.pdf.pdf\">2021-09-05 &#8211; XXIII Niedziela Zwyk\u0142a >><\/a><\/strong><\/li><li><strong><a href=\"https:\/\/www.piotripawellodz.pl\/wp-content\/uploads\/2021\/07\/ogloszenia-parafialne-2021-07-04-XIV-niedziela-zwykla.pdf\">2021-07-04 &#8211; XIV Niedziela Zwyk\u0142a >><\/a><\/strong><\/li><li><a href=\"https:\/\/www.piotripawellodz.pl\/wp-content\/uploads\/2021\/06\/ogloszenia-parafialne-2021-06-07-X-niedziela-zwykla.pdf\"><strong>2021-06-06 &#8211; X Niedziela Zwyk\u0142a >><\/strong><\/a><\/li><li><strong><a href=\"https:\/\/www.piotripawellodz.pl\/wp-content\/uploads\/2021\/03\/koleda_2021.pdf\">Kol\u0119da 2021 >><\/a><\/strong><\/li><li><strong><a href=\"https:\/\/www.piotripawellodz.pl\/wp-content\/uploads\/2021\/03\/ogloszenia_parafialne_20210228_II_niedziela_wielkiego_postu.pdf\">2021-02-28 &#8211; II Niedziela Wielkiego Postu >><\/a><\/strong><\/li><li><strong><a href=\"https:\/\/www.piotripawellodz.pl\/wp-content\/uploads\/2021\/02\/ogloszenia-parafialne-2021-02-07-V-niedziela-zwykla.pdf\">2021-02-07 &#8211; V Niedziela Zwyk\u0142a >><\/a><\/strong><\/li><li><a href=\"https:\/\/www.piotripawellodz.pl\/wp-content\/uploads\/2021\/02\/ogloszenia-parafialne-2021-01-31-IV-niedziela-zwykla.pdf\" data-type=\"URL\" data-id=\"https:\/\/www.piotripawellodz.pl\/wp-content\/uploads\/2021\/02\/ogloszenia-parafialne-2021-01-31-IV-niedziela-zwykla.pdf\"><strong>2021-01-31 &#8211; IV Niedziela Zwyk\u0142a  >><\/strong><\/a><\/li><\/ul>\n\n\n\n\n\n<p><\/p>\n","protected":false},"excerpt":{"rendered":"<p>2021-12-05 &#8211; II Niedziela Adwentu >> 2021-11-28 &#8211; I Niedziela Adwentu >> 2021-09-05 &#8211; XXIII Niedziela Zwyk\u0142a >> 2021-07-04 &#8211; XIV Niedziela Zwyk\u0142a >> 2021-06-06 &#8211; X Niedziela Zwyk\u0142a >> Kol\u0119da 2021 >> 2021-02-28 &#8211; II Niedziela Wielkiego Postu >> 2021-02-07 &#8211; V Niedziela Zwyk\u0142a >> 2021-01-31 &#8211; IV Niedziela Zwyk\u0142a >><\/p>\n","protected":false},"author":1,"featured_media":0,"parent":0,"menu_order":0,"comment_status":"closed","ping_status":"closed","template":"","meta":{"footnotes":""},"class_list":["post-11","page","type-page","status-publish","hentry"],"_links":{"self":[{"href":"https:\/\/www.piotripawellodz.pl\/index.php?rest_route=\/wp\/v2\/pages\/11","targetHints":{"allow":["GET"]}}],"collection":[{"href":"https:\/\/www.piotripawellodz.pl\/index.php?rest_route=\/wp\/v2\/pages"}],"about":[{"href":"https:\/\/www.piotripawellodz.pl\/index.php?rest_route=\/wp\/v2\/types\/page"}],"author":[{"embeddable":true,"href":"https:\/\/www.piotripawellodz.pl\/index.php?rest_route=\/wp\/v2\/users\/1"}],"replies":[{"embeddable":true,"href":"https:\/\/www.piotripawellodz.pl\/index.php?rest_route=%2Fwp%2Fv2%2Fcomments&post=11"}],"version-history":[{"count":15,"href":"https:\/\/www.piotripawellodz.pl\/index.php?rest_route=\/wp\/v2\/pages\/11\/revisions"}],"predecessor-version":[{"id":1831,"href":"https:\/\/www.piotripawellodz.pl\/index.php?rest_route=\/wp\/v2\/pages\/11\/revisions\/1831"}],"wp:attachment":[{"href":"https:\/\/www.piotripawellodz.pl\/index.php?rest_route=%2Fwp%2Fv2%2Fmedia&parent=11"}],"curies":[{"name":"wp","href":"https:\/\/api.w.org\/{rel}","templated":true}]}}