{"id":14,"date":"2020-06-17T17:28:16","date_gmt":"2020-06-17T15:28:16","guid":{"rendered":"http:\/\/www.piotripawellodz.pl\/?page_id=14"},"modified":"2026-03-08T11:54:33","modified_gmt":"2026-03-08T10:54:33","slug":"ksieza","status":"publish","type":"page","link":"https:\/\/www.piotripawellodz.pl\/?page_id=14","title":{"rendered":"Ksi\u0119\u017ca"},"content":{"rendered":"\n<div class=\"wp-block-media-text alignwide is-stacked-on-mobile is-vertically-aligned-top\" style=\"grid-template-columns:24% auto\"><figure class=\"wp-block-media-text__media\"><img loading=\"lazy\" decoding=\"async\" width=\"1024\" height=\"852\" src=\"https:\/\/www.piotripawellodz.pl\/wp-content\/uploads\/2025\/02\/ksiadz-Wieslaw-Kaminski-notka-biograficzna-1-1024x852.jpg\" alt=\"\" class=\"wp-image-10673 size-full\" srcset=\"https:\/\/www.piotripawellodz.pl\/wp-content\/uploads\/2025\/02\/ksiadz-Wieslaw-Kaminski-notka-biograficzna-1-1024x852.jpg 1024w, https:\/\/www.piotripawellodz.pl\/wp-content\/uploads\/2025\/02\/ksiadz-Wieslaw-Kaminski-notka-biograficzna-1-300x250.jpg 300w, https:\/\/www.piotripawellodz.pl\/wp-content\/uploads\/2025\/02\/ksiadz-Wieslaw-Kaminski-notka-biograficzna-1-768x639.jpg 768w, https:\/\/www.piotripawellodz.pl\/wp-content\/uploads\/2025\/02\/ksiadz-Wieslaw-Kaminski-notka-biograficzna-1.jpg 1164w\" sizes=\"auto, (max-width: 1024px) 100vw, 1024px\" \/><\/figure><div class=\"wp-block-media-text__content\">\n<h3 class=\"wp-block-heading\">Proboszcz &#8211; <strong>ks. kan. Wies\u0142aw Kami\u0144ski<\/strong><\/h3>\n\n\n\n<p><strong>Ks. Kanonik Wies\u0142aw Kami\u0144ski<\/strong>&nbsp;\u2013 ur. 15 maja 1971 roku w Zdu\u0144skiej Woli. Magister teologii moralnej. \u015awi\u0119cenia kap\u0142a\u0144skie otrzyma\u0142 w czerwcu 1996 roku. Studia podyplomowe UKSW w \u0141odzi na kierunku teologicznym, surdopedagogiki. Kursy j\u0119zyka migowego i fonogest\u00f3w.<\/p>\n\n\n\n<p><strong>Praca:<\/strong><\/p>\n\n\n\n<ul class=\"wp-block-list\">\n<li>katecheta w SOSW nr 4 w \u0141odzi, ul. Krzywickiego 20<\/li>\n\n\n\n<li>katecheta w SOSW nr 1 w \u0141odzi, ul. Siedlecka 7\/21<\/li>\n\n\n\n<li>sekretarz i wyk\u0142adowca pedagogiki specjalnej, katechetyki specjalnej <br>w Instytucie Teologicznym w \u0141odzi<\/li>\n\n\n\n<li>lektorat j\u0119zyka migowego w WSD w \u0141odzi<\/li>\n<\/ul>\n\n\n\n<p><strong>Dzia\u0142alno\u015b\u0107:<\/strong><\/p>\n\n\n\n<ul class=\"wp-block-list\">\n<li>Prezes Stowarzyszenia Niepe\u0142nosprawni Sprawni<\/li>\n\n\n\n<li>Duszpasterz G\u0142uchych Archidiecezji \u0141\u00f3dzkiej<\/li>\n\n\n\n<li>Duszpasterz Pszczelarzy<\/li>\n\n\n\n<li>Wiceprzewodnicz\u0105cy Komisja Ekumeniczna Archidiecezji \u0141\u00f3dzkiej<\/li>\n\n\n\n<li>Dyrektor Wydzia\u0142u Duszpasterstwa Kurii Archidiecezji \u0141\u00f3dzkiej<\/li>\n\n\n\n<li>Kapelan Rady Rycerzy Kolumba<\/li>\n\n\n\n<li>Sekretarz Rady Duszpasterskiej Archidiecezji \u0141\u00f3dzkiej<\/li>\n\n\n\n<li>Sekretarz Ekumenicznej Szko\u0142y Biblijnej<\/li>\n\n\n\n<li>Cz\u0142onek Rady ds. Realizacji Synodu Archidiecezji \u0141\u00f3dzkiej<\/li>\n\n\n\n<li>Cz\u0142onek Kapitu\u0142y Archikatedralnej \u0141\u00f3dzkiej<\/li>\n<\/ul>\n\n\n\n<p><strong>Przebieg pracy duszpasterskiej:<\/strong><\/p>\n\n\n\n<ul class=\"wp-block-list\">\n<li>1996-1998 wikariusz w parafii pw. \u015awi\u0119tych Aposto\u0142\u00f3w Piotra i Paw\u0142a<br>w \u0141odzi<\/li>\n\n\n\n<li>1998-2000 wikariusz w parafii pw. \u015awi\u0119tego Rafa\u0142a Kalinowskiego<br>w \u0141odzi<\/li>\n\n\n\n<li>2000-2011 wikariusz w parafii pw. Podwy\u017cszenia \u015aw. Krzy\u017ca w \u0141odzi<\/li>\n\n\n\n<li>2011-&nbsp;&nbsp;&nbsp;&nbsp;&nbsp;&nbsp;&nbsp;&nbsp;&nbsp;&nbsp; proboszcz w parafii pw. \u015awi\u0119tych Aposto\u0142\u00f3w Piotra i Paw\u0142a<br>w \u0141odzi<\/li>\n<\/ul>\n\n\n\n<p><strong>Hobby:<\/strong><\/p>\n\n\n\n<p>Pszczelarstwo, posiada pasiek\u0119 30 uli, podr\u00f3\u017ce, kulturoznawstwo, religioznawstwo, mi\u0142o\u015bnik kultury wschodniej.<\/p>\n<\/div><\/div>\n\n\n\n<div class=\"wp-block-media-text alignwide is-stacked-on-mobile is-vertically-aligned-top\" style=\"grid-template-columns:24% auto\"><figure class=\"wp-block-media-text__media\"><img loading=\"lazy\" decoding=\"async\" width=\"687\" height=\"1024\" src=\"https:\/\/www.piotripawellodz.pl\/wp-content\/uploads\/2026\/03\/Ksiadz-Adrian-Piechol-notka-biograficzna-687x1024.jpeg\" alt=\"\" class=\"wp-image-12130 size-full\" srcset=\"https:\/\/www.piotripawellodz.pl\/wp-content\/uploads\/2026\/03\/Ksiadz-Adrian-Piechol-notka-biograficzna-687x1024.jpeg 687w, https:\/\/www.piotripawellodz.pl\/wp-content\/uploads\/2026\/03\/Ksiadz-Adrian-Piechol-notka-biograficzna-201x300.jpeg 201w, https:\/\/www.piotripawellodz.pl\/wp-content\/uploads\/2026\/03\/Ksiadz-Adrian-Piechol-notka-biograficzna-768x1145.jpeg 768w, https:\/\/www.piotripawellodz.pl\/wp-content\/uploads\/2026\/03\/Ksiadz-Adrian-Piechol-notka-biograficzna-1031x1536.jpeg 1031w, https:\/\/www.piotripawellodz.pl\/wp-content\/uploads\/2026\/03\/Ksiadz-Adrian-Piechol-notka-biograficzna.jpeg 1374w\" sizes=\"auto, (max-width: 687px) 100vw, 687px\" \/><\/figure><div class=\"wp-block-media-text__content\">\n<h3 class=\"wp-block-heading\">Ks. Adrian Piechol<\/h3>\n\n\n\n<p><strong>Ks. Adrian Piechol<\/strong>\u00a0\u2013 ur. 4 sierpnia 1990 roku w \u0141asku. Pochodz\u0105cy z parafii pw. Wniebowzi\u0119cia Naj\u015bwi\u0119tszej Maryi Panny w Marzeninie. \u015awi\u0119cenia kap\u0142a\u0144skie otrzyma\u0142 29 maja 2021 r. z r\u0105k ks. Abpa Grzegorza Rysia. Magister teologii na Akademii Teologii Katolickiej w Warszawie. Asystent ko\u015bcielny Wsp\u00f3lnoty Przymierza Rodzin &#8222;Mamre&#8221; archidiecezji \u0142\u00f3dzkiej.<\/p>\n\n\n\n<p><strong><strong>Przebieg pracy duszpasterskiej:<\/strong>:<\/strong><\/p>\n\n\n\n<ul class=\"wp-block-list\">\n<li>2020-2021 \u2013 diakon w parafiach pw. \u015bci\u0119cia \u015bw. Jana Chrzciciela w Budzynku i<\/li>\n\n\n\n<li>\u015bw. Floriana w Domaniewie<\/li>\n\n\n\n<li>2021-2023 \u2013 wikariusz parafii pw. \u015bw. \u0141ukasza Ewangelisty i \u015bw. Floriana<\/li>\n\n\n\n<li>M\u0119czennika w \u0141odzi<\/li>\n\n\n\n<li>Od 26 sierpnia 2023 &#8211; wikariusz parafii pw. \u015bw. Ap. Piotra i Paw\u0142a w \u0141odzi<br><br><strong>Praca:<\/strong><\/li>\n\n\n\n<li>2020-2021 \u2013 SP im. Marsza\u0142ka J\u00f3zefa Pi\u0142sudskiego w Wartkowicach<\/li>\n\n\n\n<li>2021-2022 \u2013 Angloj\u0119zyczna Szko\u0142a Podstawowa przy Szkole Europejskiej w \u0141odzi<\/li>\n\n\n\n<li>2022-2023 \u2013 XXVI LO im. K.K. Baczy\u0144skiego w \u0141odzi<\/li>\n\n\n\n<li>2023 &#8211; obecnie &#8211; SOSW nr 1 im. Janusza Korczaka w \u0141odzi<br><br><strong>Zainteresowania:<\/strong><\/li>\n\n\n\n<li>po\u017carnictwo oraz sport, czynny gracz i ambasador gry w Pickleball.<\/li>\n<\/ul>\n<\/div><\/div>\n\n\n\n<div class=\"wp-block-media-text alignwide is-stacked-on-mobile is-vertically-aligned-top\" style=\"grid-template-columns:25% auto\"><figure class=\"wp-block-media-text__media\"><img loading=\"lazy\" decoding=\"async\" width=\"768\" height=\"1024\" src=\"https:\/\/www.piotripawellodz.pl\/wp-content\/uploads\/2025\/02\/ksiadz-Dariusz-Kucharski-768x1024.jpeg\" alt=\"\" class=\"wp-image-10634 size-full\" srcset=\"https:\/\/www.piotripawellodz.pl\/wp-content\/uploads\/2025\/02\/ksiadz-Dariusz-Kucharski-768x1024.jpeg 768w, https:\/\/www.piotripawellodz.pl\/wp-content\/uploads\/2025\/02\/ksiadz-Dariusz-Kucharski-225x300.jpeg 225w, https:\/\/www.piotripawellodz.pl\/wp-content\/uploads\/2025\/02\/ksiadz-Dariusz-Kucharski-1152x1536.jpeg 1152w, https:\/\/www.piotripawellodz.pl\/wp-content\/uploads\/2025\/02\/ksiadz-Dariusz-Kucharski-1536x2048.jpeg 1536w, https:\/\/www.piotripawellodz.pl\/wp-content\/uploads\/2025\/02\/ksiadz-Dariusz-Kucharski-scaled.jpeg 1920w\" sizes=\"auto, (max-width: 768px) 100vw, 768px\" \/><\/figure><div class=\"wp-block-media-text__content\">\n<h3 class=\"wp-block-heading\">Ks. Dariusz Kucharski<\/h3>\n\n\n\n<p><strong>Ks. dr hab. Dariusz Kucharski<\/strong>\u00a0\u2013 ur. 11 lipca 1966 roku w \u0141odzi. Pochodz\u0105cy z Parafii pw. Mi\u0142osierdzia Bo\u017cego w \u0141odzi. \u015awi\u0119cenia kap\u0142a\u0144skie otrzyma\u0142 25 maja 1991 roku z r\u0105k Abp. W\u0142adys\u0142awa Zi\u00f3\u0142ka. Wyk\u0142adowca przedmiot\u00f3w filozoficznych w Seminariach Duchownych w \u0141odzi i P\u0142ocku oraz w WSD oo. Franciszkan\u00f3w w \u0141odzi \u2013 \u0141agiewnikach. <br>Pracownik naukowo-dydaktyczny w Instytucie Filozofii UKSW, gdzie w dniu 02.06.2022 otrzyma\u0142 stopie\u0144 doktora habilitowanego w dyscyplinie filozofia.<br>Interesuje si\u0119 histori\u0105 oraz lubi g\u00f3rskie w\u0119dr\u00f3wki. Ze sportu najbardziej lubi siatk\u00f3wk\u0119.<\/p>\n\n\n\n<p><strong>Dorobek pracy duszpasterskiej:<\/strong><\/p>\n\n\n\n<ul class=\"wp-block-list\">\n<li>1991 \u2013 1992 wikariusz Parafii pw. \u015awi\u0119tej Katarzyny Aleksandryjskiej w Podd\u0119bicach<\/li>\n\n\n\n<li>1992 \u2013 1994 wikariusz Parafii pw. Dobrego Pasterza w \u0141odzi<\/li>\n\n\n\n<li>1994 \u2013 2002 studia filozoficzne na Katolickim Uniwersytecie Lubelskim<\/li>\n\n\n\n<li>2002 \u2013 2011 Prorektor Wy\u017cszego Seminarium Duchownego w \u0141odzi<\/li>\n\n\n\n<li>2002 \u2013 2011 dyrektor biblioteki WSD w \u0141odzi<\/li>\n\n\n\n<li>2011 Adiunkt Wydzia\u0142u Filozoficznego UKSW w Warszawie<\/li>\n\n\n\n<li>od 01.09.2013 pomoc duszpasterska w Parafii pw \u015awi\u0119tych Aposto\u0142\u00f3w Piotra i Paw\u0142a w \u0141odzi<\/li>\n<\/ul>\n\n\n\n<p><\/p>\n<\/div><\/div>\n\n\n\n<p><\/p>\n","protected":false},"excerpt":{"rendered":"","protected":false},"author":1,"featured_media":0,"parent":0,"menu_order":0,"comment_status":"closed","ping_status":"closed","template":"","meta":{"footnotes":""},"class_list":["post-14","page","type-page","status-publish","hentry"],"_links":{"self":[{"href":"https:\/\/www.piotripawellodz.pl\/index.php?rest_route=\/wp\/v2\/pages\/14","targetHints":{"allow":["GET"]}}],"collection":[{"href":"https:\/\/www.piotripawellodz.pl\/index.php?rest_route=\/wp\/v2\/pages"}],"about":[{"href":"https:\/\/www.piotripawellodz.pl\/index.php?rest_route=\/wp\/v2\/types\/page"}],"author":[{"embeddable":true,"href":"https:\/\/www.piotripawellodz.pl\/index.php?rest_route=\/wp\/v2\/users\/1"}],"replies":[{"embeddable":true,"href":"https:\/\/www.piotripawellodz.pl\/index.php?rest_route=%2Fwp%2Fv2%2Fcomments&post=14"}],"version-history":[{"count":32,"href":"https:\/\/www.piotripawellodz.pl\/index.php?rest_route=\/wp\/v2\/pages\/14\/revisions"}],"predecessor-version":[{"id":12136,"href":"https:\/\/www.piotripawellodz.pl\/index.php?rest_route=\/wp\/v2\/pages\/14\/revisions\/12136"}],"wp:attachment":[{"href":"https:\/\/www.piotripawellodz.pl\/index.php?rest_route=%2Fwp%2Fv2%2Fmedia&parent=14"}],"curies":[{"name":"wp","href":"https:\/\/api.w.org\/{rel}","templated":true}]}}